{"id":57,"date":"2015-02-17T15:24:53","date_gmt":"2015-02-17T15:24:53","guid":{"rendered":"http:\/\/autoalameda.esy.es\/?page_id=57"},"modified":"2019-04-05T13:33:29","modified_gmt":"2019-04-05T12:33:29","slug":"instalaciones","status":"publish","type":"page","link":"https:\/\/autoescuelaalameda.com\/index.php\/instalaciones\/","title":{"rendered":"Instalaciones"},"content":{"rendered":"<p>Disponemos de un local totalmente informatizado, para que puedas ayudarte de la \u00faltima tecnolog\u00eda disponible para el correcto aprendizaje del temario necesario para aprobar los ex\u00e1menes de la Direcci\u00f3n General de Tr\u00e1fico.<\/p>\n<p><img loading=\"lazy\" decoding=\"async\" class=\"aligncenter wp-image-673 size-medium\" src=\"https:\/\/autoescuelaalameda.com\/wp-content\/uploads\/2017\/01\/16681646_1899301383634967_2207678113715182521_n-300x225.jpg\" alt=\"\" width=\"300\" height=\"225\" \/><br \/>\nTambi\u00e9n disponemos de una proyector con el que se pueden impartir las clases te\u00f3ricas con una mayor facilidad, aumentando la atenci\u00f3n prestada por los alumnos.<\/p>\n<p><img loading=\"lazy\" decoding=\"async\" class=\"aligncenter wp-image-336 size-medium\" src=\"https:\/\/autoescuelaalameda.com\/wp-content\/uploads\/2016\/04\/aula1.1-1-1024x768-1-300x225.jpg\" alt=\"\" width=\"300\" height=\"225\" srcset=\"https:\/\/autoescuelaalameda.com\/wp-content\/uploads\/2016\/04\/aula1.1-1-1024x768-1-300x225.jpg 300w, https:\/\/autoescuelaalameda.com\/wp-content\/uploads\/2016\/04\/aula1.1-1-1024x768-1-768x576.jpg 768w, https:\/\/autoescuelaalameda.com\/wp-content\/uploads\/2016\/04\/aula1.1-1-1024x768-1.jpg 1024w\" sizes=\"auto, (max-width: 300px) 100vw, 300px\" \/><\/p>\n<p>Respecto a las clases pr\u00e1cticas disponemos de una flota de coches totalmente renovados con los que aprender\u00e1s a conducir de forma sencilla y r\u00e1pida.<\/p>\n<p><img loading=\"lazy\" decoding=\"async\" class=\"aligncenter wp-image-340 size-medium\" src=\"https:\/\/autoescuelaalameda.com\/wp-content\/uploads\/2016\/04\/Coche-Alameda-1-1-300x225.jpg\" alt=\"\" width=\"300\" height=\"225\" srcset=\"https:\/\/autoescuelaalameda.com\/wp-content\/uploads\/2016\/04\/Coche-Alameda-1-1-300x225.jpg 300w, https:\/\/autoescuelaalameda.com\/wp-content\/uploads\/2016\/04\/Coche-Alameda-1-1-768x576.jpg 768w, https:\/\/autoescuelaalameda.com\/wp-content\/uploads\/2016\/04\/Coche-Alameda-1-1.jpg 800w\" sizes=\"auto, (max-width: 300px) 100vw, 300px\" \/><\/p>\n","protected":false},"excerpt":{"rendered":"<p>Disponemos de un local totalmente informatizado, para que puedas ayudarte de la \u00faltima tecnolog\u00eda disponible para el correcto aprendizaje del temario necesario para aprobar los ex\u00e1menes de la Direcci\u00f3n General de Tr\u00e1fico. Tambi\u00e9n disponemos de una proyector con el que se pueden impartir las clases te\u00f3ricas con una mayor facilidad, aumentando la atenci\u00f3n prestada por [&hellip;]<\/p>\n","protected":false},"author":4,"featured_media":0,"parent":0,"menu_order":2,"comment_status":"closed","ping_status":"closed","template":"","meta":{"footnotes":""},"class_list":["post-57","page","type-page","status-publish","czr-hentry"],"yoast_head":"<!-- This site is optimized with the Yoast SEO plugin v27.5 - https:\/\/yoast.com\/product\/yoast-seo-wordpress\/ -->\n<title>Instalaciones - Autoescuela Alameda<\/title>\n<meta name=\"robots\" content=\"index, follow, max-snippet:-1, max-image-preview:large, max-video-preview:-1\" \/>\n<link rel=\"canonical\" href=\"https:\/\/autoescuelaalameda.com\/index.php\/instalaciones\/\" \/>\n<meta property=\"og:locale\" content=\"es_ES\" \/>\n<meta property=\"og:type\" content=\"article\" \/>\n<meta property=\"og:title\" content=\"Instalaciones - Autoescuela Alameda\" \/>\n<meta property=\"og:description\" content=\"Disponemos de un local totalmente informatizado, para que puedas ayudarte de la \u00faltima tecnolog\u00eda disponible para el correcto aprendizaje del temario necesario para aprobar los ex\u00e1menes de la Direcci\u00f3n General de Tr\u00e1fico. Tambi\u00e9n disponemos de una proyector con el que se pueden impartir las clases te\u00f3ricas con una mayor facilidad, aumentando la atenci\u00f3n prestada por [&hellip;]\" \/>\n<meta property=\"og:url\" content=\"https:\/\/autoescuelaalameda.com\/index.php\/instalaciones\/\" \/>\n<meta property=\"og:site_name\" content=\"Autoescuela Alameda\" \/>\n<meta property=\"article:modified_time\" content=\"2019-04-05T12:33:29+00:00\" \/>\n<meta property=\"og:image\" content=\"https:\/\/autoescuelaalameda.com\/wp-content\/uploads\/2017\/01\/16681646_1899301383634967_2207678113715182521_n-300x225.jpg\" \/>\n<meta name=\"twitter:card\" content=\"summary_large_image\" \/>\n<script type=\"application\/ld+json\" class=\"yoast-schema-graph\">{\"@context\":\"https:\\\/\\\/schema.org\",\"@graph\":[{\"@type\":\"WebPage\",\"@id\":\"https:\\\/\\\/autoescuelaalameda.com\\\/index.php\\\/instalaciones\\\/\",\"url\":\"https:\\\/\\\/autoescuelaalameda.com\\\/index.php\\\/instalaciones\\\/\",\"name\":\"Instalaciones - Autoescuela Alameda\",\"isPartOf\":{\"@id\":\"https:\\\/\\\/autoescuelaalameda.com\\\/#website\"},\"primaryImageOfPage\":{\"@id\":\"https:\\\/\\\/autoescuelaalameda.com\\\/index.php\\\/instalaciones\\\/#primaryimage\"},\"image\":{\"@id\":\"https:\\\/\\\/autoescuelaalameda.com\\\/index.php\\\/instalaciones\\\/#primaryimage\"},\"thumbnailUrl\":\"https:\\\/\\\/autoescuelaalameda.com\\\/wp-content\\\/uploads\\\/2017\\\/01\\\/16681646_1899301383634967_2207678113715182521_n-300x225.jpg\",\"datePublished\":\"2015-02-17T15:24:53+00:00\",\"dateModified\":\"2019-04-05T12:33:29+00:00\",\"breadcrumb\":{\"@id\":\"https:\\\/\\\/autoescuelaalameda.com\\\/index.php\\\/instalaciones\\\/#breadcrumb\"},\"inLanguage\":\"es\",\"potentialAction\":[{\"@type\":\"ReadAction\",\"target\":[\"https:\\\/\\\/autoescuelaalameda.com\\\/index.php\\\/instalaciones\\\/\"]}]},{\"@type\":\"ImageObject\",\"inLanguage\":\"es\",\"@id\":\"https:\\\/\\\/autoescuelaalameda.com\\\/index.php\\\/instalaciones\\\/#primaryimage\",\"url\":\"https:\\\/\\\/autoescuelaalameda.com\\\/wp-content\\\/uploads\\\/2017\\\/01\\\/16681646_1899301383634967_2207678113715182521_n-300x225.jpg\",\"contentUrl\":\"https:\\\/\\\/autoescuelaalameda.com\\\/wp-content\\\/uploads\\\/2017\\\/01\\\/16681646_1899301383634967_2207678113715182521_n-300x225.jpg\"},{\"@type\":\"BreadcrumbList\",\"@id\":\"https:\\\/\\\/autoescuelaalameda.com\\\/index.php\\\/instalaciones\\\/#breadcrumb\",\"itemListElement\":[{\"@type\":\"ListItem\",\"position\":1,\"name\":\"Portada\",\"item\":\"https:\\\/\\\/autoescuelaalameda.com\\\/\"},{\"@type\":\"ListItem\",\"position\":2,\"name\":\"Instalaciones\"}]},{\"@type\":\"WebSite\",\"@id\":\"https:\\\/\\\/autoescuelaalameda.com\\\/#website\",\"url\":\"https:\\\/\\\/autoescuelaalameda.com\\\/\",\"name\":\"Autoescuela Alameda\",\"description\":\"Tu autoescuela en Cartagena\",\"publisher\":{\"@id\":\"https:\\\/\\\/autoescuelaalameda.com\\\/#organization\"},\"potentialAction\":[{\"@type\":\"SearchAction\",\"target\":{\"@type\":\"EntryPoint\",\"urlTemplate\":\"https:\\\/\\\/autoescuelaalameda.com\\\/?s={search_term_string}\"},\"query-input\":{\"@type\":\"PropertyValueSpecification\",\"valueRequired\":true,\"valueName\":\"search_term_string\"}}],\"inLanguage\":\"es\"},{\"@type\":\"Organization\",\"@id\":\"https:\\\/\\\/autoescuelaalameda.com\\\/#organization\",\"name\":\"Autoescuela Alameda\",\"url\":\"https:\\\/\\\/autoescuelaalameda.com\\\/\",\"logo\":{\"@type\":\"ImageObject\",\"inLanguage\":\"es\",\"@id\":\"https:\\\/\\\/autoescuelaalameda.com\\\/#\\\/schema\\\/logo\\\/image\\\/\",\"url\":\"https:\\\/\\\/autoescuelaalameda.com\\\/wp-content\\\/uploads\\\/2016\\\/11\\\/Escudo.png\",\"contentUrl\":\"https:\\\/\\\/autoescuelaalameda.com\\\/wp-content\\\/uploads\\\/2016\\\/11\\\/Escudo.png\",\"width\":563,\"height\":543,\"caption\":\"Autoescuela Alameda\"},\"image\":{\"@id\":\"https:\\\/\\\/autoescuelaalameda.com\\\/#\\\/schema\\\/logo\\\/image\\\/\"}}]}<\/script>\n<!-- \/ Yoast SEO plugin. -->","yoast_head_json":{"title":"Instalaciones - Autoescuela Alameda","robots":{"index":"index","follow":"follow","max-snippet":"max-snippet:-1","max-image-preview":"max-image-preview:large","max-video-preview":"max-video-preview:-1"},"canonical":"https:\/\/autoescuelaalameda.com\/index.php\/instalaciones\/","og_locale":"es_ES","og_type":"article","og_title":"Instalaciones - Autoescuela Alameda","og_description":"Disponemos de un local totalmente informatizado, para que puedas ayudarte de la \u00faltima tecnolog\u00eda disponible para el correcto aprendizaje del temario necesario para aprobar los ex\u00e1menes de la Direcci\u00f3n General de Tr\u00e1fico. Tambi\u00e9n disponemos de una proyector con el que se pueden impartir las clases te\u00f3ricas con una mayor facilidad, aumentando la atenci\u00f3n prestada por [&hellip;]","og_url":"https:\/\/autoescuelaalameda.com\/index.php\/instalaciones\/","og_site_name":"Autoescuela Alameda","article_modified_time":"2019-04-05T12:33:29+00:00","og_image":[{"url":"https:\/\/autoescuelaalameda.com\/wp-content\/uploads\/2017\/01\/16681646_1899301383634967_2207678113715182521_n-300x225.jpg","type":"","width":"","height":""}],"twitter_card":"summary_large_image","schema":{"@context":"https:\/\/schema.org","@graph":[{"@type":"WebPage","@id":"https:\/\/autoescuelaalameda.com\/index.php\/instalaciones\/","url":"https:\/\/autoescuelaalameda.com\/index.php\/instalaciones\/","name":"Instalaciones - Autoescuela Alameda","isPartOf":{"@id":"https:\/\/autoescuelaalameda.com\/#website"},"primaryImageOfPage":{"@id":"https:\/\/autoescuelaalameda.com\/index.php\/instalaciones\/#primaryimage"},"image":{"@id":"https:\/\/autoescuelaalameda.com\/index.php\/instalaciones\/#primaryimage"},"thumbnailUrl":"https:\/\/autoescuelaalameda.com\/wp-content\/uploads\/2017\/01\/16681646_1899301383634967_2207678113715182521_n-300x225.jpg","datePublished":"2015-02-17T15:24:53+00:00","dateModified":"2019-04-05T12:33:29+00:00","breadcrumb":{"@id":"https:\/\/autoescuelaalameda.com\/index.php\/instalaciones\/#breadcrumb"},"inLanguage":"es","potentialAction":[{"@type":"ReadAction","target":["https:\/\/autoescuelaalameda.com\/index.php\/instalaciones\/"]}]},{"@type":"ImageObject","inLanguage":"es","@id":"https:\/\/autoescuelaalameda.com\/index.php\/instalaciones\/#primaryimage","url":"https:\/\/autoescuelaalameda.com\/wp-content\/uploads\/2017\/01\/16681646_1899301383634967_2207678113715182521_n-300x225.jpg","contentUrl":"https:\/\/autoescuelaalameda.com\/wp-content\/uploads\/2017\/01\/16681646_1899301383634967_2207678113715182521_n-300x225.jpg"},{"@type":"BreadcrumbList","@id":"https:\/\/autoescuelaalameda.com\/index.php\/instalaciones\/#breadcrumb","itemListElement":[{"@type":"ListItem","position":1,"name":"Portada","item":"https:\/\/autoescuelaalameda.com\/"},{"@type":"ListItem","position":2,"name":"Instalaciones"}]},{"@type":"WebSite","@id":"https:\/\/autoescuelaalameda.com\/#website","url":"https:\/\/autoescuelaalameda.com\/","name":"Autoescuela Alameda","description":"Tu autoescuela en Cartagena","publisher":{"@id":"https:\/\/autoescuelaalameda.com\/#organization"},"potentialAction":[{"@type":"SearchAction","target":{"@type":"EntryPoint","urlTemplate":"https:\/\/autoescuelaalameda.com\/?s={search_term_string}"},"query-input":{"@type":"PropertyValueSpecification","valueRequired":true,"valueName":"search_term_string"}}],"inLanguage":"es"},{"@type":"Organization","@id":"https:\/\/autoescuelaalameda.com\/#organization","name":"Autoescuela Alameda","url":"https:\/\/autoescuelaalameda.com\/","logo":{"@type":"ImageObject","inLanguage":"es","@id":"https:\/\/autoescuelaalameda.com\/#\/schema\/logo\/image\/","url":"https:\/\/autoescuelaalameda.com\/wp-content\/uploads\/2016\/11\/Escudo.png","contentUrl":"https:\/\/autoescuelaalameda.com\/wp-content\/uploads\/2016\/11\/Escudo.png","width":563,"height":543,"caption":"Autoescuela Alameda"},"image":{"@id":"https:\/\/autoescuelaalameda.com\/#\/schema\/logo\/image\/"}}]}},"_links":{"self":[{"href":"https:\/\/autoescuelaalameda.com\/index.php\/wp-json\/wp\/v2\/pages\/57","targetHints":{"allow":["GET"]}}],"collection":[{"href":"https:\/\/autoescuelaalameda.com\/index.php\/wp-json\/wp\/v2\/pages"}],"about":[{"href":"https:\/\/autoescuelaalameda.com\/index.php\/wp-json\/wp\/v2\/types\/page"}],"author":[{"embeddable":true,"href":"https:\/\/autoescuelaalameda.com\/index.php\/wp-json\/wp\/v2\/users\/4"}],"replies":[{"embeddable":true,"href":"https:\/\/autoescuelaalameda.com\/index.php\/wp-json\/wp\/v2\/comments?post=57"}],"version-history":[{"count":2,"href":"https:\/\/autoescuelaalameda.com\/index.php\/wp-json\/wp\/v2\/pages\/57\/revisions"}],"predecessor-version":[{"id":933,"href":"https:\/\/autoescuelaalameda.com\/index.php\/wp-json\/wp\/v2\/pages\/57\/revisions\/933"}],"wp:attachment":[{"href":"https:\/\/autoescuelaalameda.com\/index.php\/wp-json\/wp\/v2\/media?parent=57"}],"curies":[{"name":"wp","href":"https:\/\/api.w.org\/{rel}","templated":true}]}}