{"id":52,"date":"2015-02-17T15:22:38","date_gmt":"2015-02-17T15:22:38","guid":{"rendered":"http:\/\/autoalameda.esy.es\/?page_id=52"},"modified":"2019-04-05T13:32:13","modified_gmt":"2019-04-05T12:32:13","slug":"quienes-somos","status":"publish","type":"page","link":"https:\/\/autoescuelaalameda.com\/index.php\/quienes-somos\/","title":{"rendered":"Qui\u00e9nes somos"},"content":{"rendered":"<h4><span class=\"xr_tl xr_s10\">Centro de Formaci\u00f3n Vial, situado en el centro de Cartagena<\/span><span class=\"xr_tl xr_s10\">.<\/span><\/h4>\n<h4><span class=\"xr_tl xr_s10\">Te preparamos para que puedas obtener el permiso <\/span><span class=\"xr_tl xr_s10\">de conducir mediante \u00a0una f<\/span><span class=\"xr_tl xr_s10\">ormaci\u00f3n personalizada con ayuda de la \u00faltima tecnolog\u00eda disponible, para ayudar a una f\u00e1cil comprensi\u00f3n de la materia y un aprendizaje de calidad, que el alumno puedo recordar no solo para aprobar los ex\u00e1menes de la Direcci\u00f3n General de Tr\u00e1fico, si no durante toda su vida.<\/span><\/h4>\n<h4><span class=\"xr_tl xr_s10\">Disponemos de profesorado especializado y n<\/span><span class=\"xr_tl xr_s10\">uestra misi\u00f3n es preparar, concienciar a futuros <\/span><span class=\"xr_tl xr_s10\">conductores y reeducar a conductores en activo para <\/span><span class=\"xr_tl xr_s10\">reducir el numero de accidentes en las v\u00edas publicas.<\/span><\/h4>\n","protected":false},"excerpt":{"rendered":"<p>Centro de Formaci\u00f3n Vial, situado en el centro de Cartagena. Te preparamos para que puedas obtener el permiso de conducir mediante \u00a0una formaci\u00f3n personalizada con ayuda de la \u00faltima tecnolog\u00eda disponible, para ayudar a una f\u00e1cil comprensi\u00f3n de la materia y un aprendizaje de calidad, que el alumno puedo recordar no solo para aprobar los [&hellip;]<\/p>\n","protected":false},"author":4,"featured_media":0,"parent":0,"menu_order":1,"comment_status":"closed","ping_status":"closed","template":"","meta":{"footnotes":""},"class_list":["post-52","page","type-page","status-publish","czr-hentry"],"yoast_head":"<!-- This site is optimized with the Yoast SEO plugin v27.5 - https:\/\/yoast.com\/product\/yoast-seo-wordpress\/ -->\n<title>Qui\u00e9nes somos - Autoescuela Alameda<\/title>\n<meta name=\"robots\" content=\"index, follow, max-snippet:-1, max-image-preview:large, max-video-preview:-1\" \/>\n<link rel=\"canonical\" href=\"https:\/\/autoescuelaalameda.com\/index.php\/quienes-somos\/\" \/>\n<meta property=\"og:locale\" content=\"es_ES\" \/>\n<meta property=\"og:type\" content=\"article\" \/>\n<meta property=\"og:title\" content=\"Qui\u00e9nes somos - Autoescuela Alameda\" \/>\n<meta property=\"og:description\" content=\"Centro de Formaci\u00f3n Vial, situado en el centro de Cartagena. Te preparamos para que puedas obtener el permiso de conducir mediante \u00a0una formaci\u00f3n personalizada con ayuda de la \u00faltima tecnolog\u00eda disponible, para ayudar a una f\u00e1cil comprensi\u00f3n de la materia y un aprendizaje de calidad, que el alumno puedo recordar no solo para aprobar los [&hellip;]\" \/>\n<meta property=\"og:url\" content=\"https:\/\/autoescuelaalameda.com\/index.php\/quienes-somos\/\" \/>\n<meta property=\"og:site_name\" content=\"Autoescuela Alameda\" \/>\n<meta property=\"article:modified_time\" content=\"2019-04-05T12:32:13+00:00\" \/>\n<meta name=\"twitter:card\" content=\"summary_large_image\" \/>\n<meta name=\"twitter:label1\" content=\"Tiempo de lectura\" \/>\n\t<meta name=\"twitter:data1\" content=\"1 minuto\" \/>\n<script type=\"application\/ld+json\" class=\"yoast-schema-graph\">{\"@context\":\"https:\\\/\\\/schema.org\",\"@graph\":[{\"@type\":\"WebPage\",\"@id\":\"https:\\\/\\\/autoescuelaalameda.com\\\/index.php\\\/quienes-somos\\\/\",\"url\":\"https:\\\/\\\/autoescuelaalameda.com\\\/index.php\\\/quienes-somos\\\/\",\"name\":\"Qui\u00e9nes somos - Autoescuela Alameda\",\"isPartOf\":{\"@id\":\"https:\\\/\\\/autoescuelaalameda.com\\\/#website\"},\"datePublished\":\"2015-02-17T15:22:38+00:00\",\"dateModified\":\"2019-04-05T12:32:13+00:00\",\"breadcrumb\":{\"@id\":\"https:\\\/\\\/autoescuelaalameda.com\\\/index.php\\\/quienes-somos\\\/#breadcrumb\"},\"inLanguage\":\"es\",\"potentialAction\":[{\"@type\":\"ReadAction\",\"target\":[\"https:\\\/\\\/autoescuelaalameda.com\\\/index.php\\\/quienes-somos\\\/\"]}]},{\"@type\":\"BreadcrumbList\",\"@id\":\"https:\\\/\\\/autoescuelaalameda.com\\\/index.php\\\/quienes-somos\\\/#breadcrumb\",\"itemListElement\":[{\"@type\":\"ListItem\",\"position\":1,\"name\":\"Portada\",\"item\":\"https:\\\/\\\/autoescuelaalameda.com\\\/\"},{\"@type\":\"ListItem\",\"position\":2,\"name\":\"Qui\u00e9nes somos\"}]},{\"@type\":\"WebSite\",\"@id\":\"https:\\\/\\\/autoescuelaalameda.com\\\/#website\",\"url\":\"https:\\\/\\\/autoescuelaalameda.com\\\/\",\"name\":\"Autoescuela Alameda\",\"description\":\"Tu autoescuela en Cartagena\",\"publisher\":{\"@id\":\"https:\\\/\\\/autoescuelaalameda.com\\\/#organization\"},\"potentialAction\":[{\"@type\":\"SearchAction\",\"target\":{\"@type\":\"EntryPoint\",\"urlTemplate\":\"https:\\\/\\\/autoescuelaalameda.com\\\/?s={search_term_string}\"},\"query-input\":{\"@type\":\"PropertyValueSpecification\",\"valueRequired\":true,\"valueName\":\"search_term_string\"}}],\"inLanguage\":\"es\"},{\"@type\":\"Organization\",\"@id\":\"https:\\\/\\\/autoescuelaalameda.com\\\/#organization\",\"name\":\"Autoescuela Alameda\",\"url\":\"https:\\\/\\\/autoescuelaalameda.com\\\/\",\"logo\":{\"@type\":\"ImageObject\",\"inLanguage\":\"es\",\"@id\":\"https:\\\/\\\/autoescuelaalameda.com\\\/#\\\/schema\\\/logo\\\/image\\\/\",\"url\":\"https:\\\/\\\/autoescuelaalameda.com\\\/wp-content\\\/uploads\\\/2016\\\/11\\\/Escudo.png\",\"contentUrl\":\"https:\\\/\\\/autoescuelaalameda.com\\\/wp-content\\\/uploads\\\/2016\\\/11\\\/Escudo.png\",\"width\":563,\"height\":543,\"caption\":\"Autoescuela Alameda\"},\"image\":{\"@id\":\"https:\\\/\\\/autoescuelaalameda.com\\\/#\\\/schema\\\/logo\\\/image\\\/\"}}]}<\/script>\n<!-- \/ Yoast SEO plugin. -->","yoast_head_json":{"title":"Qui\u00e9nes somos - Autoescuela Alameda","robots":{"index":"index","follow":"follow","max-snippet":"max-snippet:-1","max-image-preview":"max-image-preview:large","max-video-preview":"max-video-preview:-1"},"canonical":"https:\/\/autoescuelaalameda.com\/index.php\/quienes-somos\/","og_locale":"es_ES","og_type":"article","og_title":"Qui\u00e9nes somos - Autoescuela Alameda","og_description":"Centro de Formaci\u00f3n Vial, situado en el centro de Cartagena. Te preparamos para que puedas obtener el permiso de conducir mediante \u00a0una formaci\u00f3n personalizada con ayuda de la \u00faltima tecnolog\u00eda disponible, para ayudar a una f\u00e1cil comprensi\u00f3n de la materia y un aprendizaje de calidad, que el alumno puedo recordar no solo para aprobar los [&hellip;]","og_url":"https:\/\/autoescuelaalameda.com\/index.php\/quienes-somos\/","og_site_name":"Autoescuela Alameda","article_modified_time":"2019-04-05T12:32:13+00:00","twitter_card":"summary_large_image","twitter_misc":{"Tiempo de lectura":"1 minuto"},"schema":{"@context":"https:\/\/schema.org","@graph":[{"@type":"WebPage","@id":"https:\/\/autoescuelaalameda.com\/index.php\/quienes-somos\/","url":"https:\/\/autoescuelaalameda.com\/index.php\/quienes-somos\/","name":"Qui\u00e9nes somos - Autoescuela Alameda","isPartOf":{"@id":"https:\/\/autoescuelaalameda.com\/#website"},"datePublished":"2015-02-17T15:22:38+00:00","dateModified":"2019-04-05T12:32:13+00:00","breadcrumb":{"@id":"https:\/\/autoescuelaalameda.com\/index.php\/quienes-somos\/#breadcrumb"},"inLanguage":"es","potentialAction":[{"@type":"ReadAction","target":["https:\/\/autoescuelaalameda.com\/index.php\/quienes-somos\/"]}]},{"@type":"BreadcrumbList","@id":"https:\/\/autoescuelaalameda.com\/index.php\/quienes-somos\/#breadcrumb","itemListElement":[{"@type":"ListItem","position":1,"name":"Portada","item":"https:\/\/autoescuelaalameda.com\/"},{"@type":"ListItem","position":2,"name":"Qui\u00e9nes somos"}]},{"@type":"WebSite","@id":"https:\/\/autoescuelaalameda.com\/#website","url":"https:\/\/autoescuelaalameda.com\/","name":"Autoescuela Alameda","description":"Tu autoescuela en Cartagena","publisher":{"@id":"https:\/\/autoescuelaalameda.com\/#organization"},"potentialAction":[{"@type":"SearchAction","target":{"@type":"EntryPoint","urlTemplate":"https:\/\/autoescuelaalameda.com\/?s={search_term_string}"},"query-input":{"@type":"PropertyValueSpecification","valueRequired":true,"valueName":"search_term_string"}}],"inLanguage":"es"},{"@type":"Organization","@id":"https:\/\/autoescuelaalameda.com\/#organization","name":"Autoescuela Alameda","url":"https:\/\/autoescuelaalameda.com\/","logo":{"@type":"ImageObject","inLanguage":"es","@id":"https:\/\/autoescuelaalameda.com\/#\/schema\/logo\/image\/","url":"https:\/\/autoescuelaalameda.com\/wp-content\/uploads\/2016\/11\/Escudo.png","contentUrl":"https:\/\/autoescuelaalameda.com\/wp-content\/uploads\/2016\/11\/Escudo.png","width":563,"height":543,"caption":"Autoescuela Alameda"},"image":{"@id":"https:\/\/autoescuelaalameda.com\/#\/schema\/logo\/image\/"}}]}},"_links":{"self":[{"href":"https:\/\/autoescuelaalameda.com\/index.php\/wp-json\/wp\/v2\/pages\/52","targetHints":{"allow":["GET"]}}],"collection":[{"href":"https:\/\/autoescuelaalameda.com\/index.php\/wp-json\/wp\/v2\/pages"}],"about":[{"href":"https:\/\/autoescuelaalameda.com\/index.php\/wp-json\/wp\/v2\/types\/page"}],"author":[{"embeddable":true,"href":"https:\/\/autoescuelaalameda.com\/index.php\/wp-json\/wp\/v2\/users\/4"}],"replies":[{"embeddable":true,"href":"https:\/\/autoescuelaalameda.com\/index.php\/wp-json\/wp\/v2\/comments?post=52"}],"version-history":[{"count":1,"href":"https:\/\/autoescuelaalameda.com\/index.php\/wp-json\/wp\/v2\/pages\/52\/revisions"}],"predecessor-version":[{"id":932,"href":"https:\/\/autoescuelaalameda.com\/index.php\/wp-json\/wp\/v2\/pages\/52\/revisions\/932"}],"wp:attachment":[{"href":"https:\/\/autoescuelaalameda.com\/index.php\/wp-json\/wp\/v2\/media?parent=52"}],"curies":[{"name":"wp","href":"https:\/\/api.w.org\/{rel}","templated":true}]}}